{"id":2737,"date":"2021-06-26T00:01:00","date_gmt":"2021-06-26T00:01:00","guid":{"rendered":"https:\/\/musicstore.muteup.net\/?post_type=product&#038;p=2737"},"modified":"2023-08-03T20:19:27","modified_gmt":"2023-08-03T20:19:27","slug":"elixir-12450-nickel-plated-steel-with-nanoweb-coating-10-46-light-12-telli-elektro-gitar-teli","status":"publish","type":"product","link":"https:\/\/musicstore.muteup.net\/en\/shop\/guitars\/guitars-strings\/electric-guitar-strings\/elixir-12450-nickel-plated-steel-with-nanoweb-coating-10-46-light-12-telli-elektro-gitar-teli\/","title":{"rendered":"Elixir 12450 Nickel Plated Steel with NANOWEB Coating 10-46 Light 12 Telli Elektro Gitar Teli"},"content":{"rendered":"<p><strong>Elixir 12450 Nickel Plated Steel with NANOWEB Coating 10-46 Light 12 Telli Elektro Gitar Teli<\/strong><\/p>\n<p>&nbsp;<\/p>\n<p><strong>Elixir Gitar Telleri ve Bas Gitar Telleri Neden Tercih Ediliyor?<\/strong><\/p>\n<p>15 g\u00fcnde sesi bozulan, parlakl\u0131\u011f\u0131n\u0131 yitiren tellerden \u015fikayet\u00e7i misiniz? O zaman Elixir gitar ve bas tellerimizi deneyin! Ses kalitesini, parlakl\u0131\u011f\u0131n\u0131 ve y\u00fcksek performans\u0131n\u0131 di\u011fer t\u00fcm tellere g\u00f6re 3 kat daha fazla koruyabilen bu mucize Elixir tellerindeki \u00f6zel kaplama, telleri, ter, rutubet, paslanma, kirlenme, metal yorgunlu\u011fu gibi etkilerden korumaktad\u0131r. Bu uygulama sayesinde, Elixir tellerinin \u00f6mr\u00fcn\u00fcn di\u011fer normal tellerin \u00f6mr\u00fcnden 3 ila 5 kat daha uzun oldu\u011fu g\u00f6r\u00fclm\u00fc\u015ft\u00fcr. Yani normal \u015fartlarda 3-5 tak\u0131m tel de\u011fi\u015ftirdi\u011finiz s\u00fcreci tek bir Elixir tak\u0131m\u0131 kullanarak ge\u00e7irebilirsiniz. Ayr\u0131ca Elixir gitar tellerinin \u00e7al\u0131m s\u0131ras\u0131nda el temas\u0131 ile ger\u00e7ekle\u015fen tel g\u00fcr\u00fclt\u00fclerini de (di\u011fer tellere g\u00f6re) minimuma indirgedi\u011fi g\u00f6r\u00fclm\u00fc\u015ft\u00fcr. Bu \u00f6zellik, st\u00fcdyo m\u00fczisyenlerinin Elixir gitar tellerini tercih etmesinin en \u00f6nemli nedenidir.<\/p>","protected":false},"excerpt":{"rendered":"<p><strong>12 Telli Elektro Gitar Teli &#8211; Tak\u0131m Tel<br \/>\n<\/strong><\/p>\n<p>(.010-.013-.017-.026-.036-.046-.010-.013-.009-.012-.018-.026)<\/p>","protected":false},"featured_media":4883,"comment_status":"open","ping_status":"closed","template":"","meta":[],"product_cat":[572,565,510],"product_tag":[],"_links":{"self":[{"href":"https:\/\/musicstore.muteup.net\/en\/wp-json\/wp\/v2\/product\/2737"}],"collection":[{"href":"https:\/\/musicstore.muteup.net\/en\/wp-json\/wp\/v2\/product"}],"about":[{"href":"https:\/\/musicstore.muteup.net\/en\/wp-json\/wp\/v2\/types\/product"}],"replies":[{"embeddable":true,"href":"https:\/\/musicstore.muteup.net\/en\/wp-json\/wp\/v2\/comments?post=2737"}],"version-history":[{"count":0,"href":"https:\/\/musicstore.muteup.net\/en\/wp-json\/wp\/v2\/product\/2737\/revisions"}],"wp:featuredmedia":[{"embeddable":true,"href":"https:\/\/musicstore.muteup.net\/en\/wp-json\/wp\/v2\/media\/4883"}],"wp:attachment":[{"href":"https:\/\/musicstore.muteup.net\/en\/wp-json\/wp\/v2\/media?parent=2737"}],"wp:term":[{"taxonomy":"product_cat","embeddable":true,"href":"https:\/\/musicstore.muteup.net\/en\/wp-json\/wp\/v2\/product_cat?post=2737"},{"taxonomy":"product_tag","embeddable":true,"href":"https:\/\/musicstore.muteup.net\/en\/wp-json\/wp\/v2\/product_tag?post=2737"}],"curies":[{"name":"wp","href":"https:\/\/api.w.org\/{rel}","templated":true}]}}